{"id":21,"date":"2023-11-18T14:46:06","date_gmt":"2023-11-18T17:46:06","guid":{"rendered":"https:\/\/seguranca.gruposintese.com\/?page_id=21"},"modified":"2024-01-25T07:45:53","modified_gmt":"2024-01-25T10:45:53","slug":"missao","status":"publish","type":"page","link":"https:\/\/seguranca.gruposintese.com\/index.php\/missao\/","title":{"rendered":"Miss\u00e3o"},"content":{"rendered":"\n<p class=\"has-text-align-center\"><\/p>\n\n\n\n<div class=\"section-wrapper\" data-id=\"FnQUYo\"><section class=\"wp-block-gutenverse-section guten-element guten-section guten-FnQUYo layout-boxed align-stretch\"><div class=\"guten-background-overlay\"><\/div><div class=\"guten-shape-divider guten-shape-divider-top\"><\/div><div class=\"guten-shape-divider guten-shape-divider-bottom\"><\/div><div class=\"guten-container guten-column-gap-default\">\n<div class=\"wp-block-gutenverse-column guten-element guten-column guten-CUuG7a\"><div class=\"guten-background-overlay\"><\/div><div class=\"sticky-wrapper\" data-id=\"CUuG7a\"><div class=\"guten-column-wrapper\">\n<p class=\"has-text-align-center\">Ser refer\u00eancia na presta\u00e7\u00e3o de servi\u00e7o na \u00e1rea de seguran\u00e7a privada e corporativa, atendendo com excel\u00eanicia a demanda dos nossos clientes.<\/p>\n<\/div><\/div><\/div>\n<\/div><\/section><\/div>\n","protected":false},"excerpt":{"rendered":"","protected":false},"author":1,"featured_media":0,"parent":0,"menu_order":0,"comment_status":"closed","ping_status":"closed","template":"","meta":{"_monsterinsights_skip_tracking":false,"_monsterinsights_sitenote_active":false,"_monsterinsights_sitenote_note":"","_monsterinsights_sitenote_category":0,"footnotes":""},"aioseo_notices":[],"featured_image_src":null,"_links":{"self":[{"href":"https:\/\/seguranca.gruposintese.com\/index.php\/wp-json\/wp\/v2\/pages\/21"}],"collection":[{"href":"https:\/\/seguranca.gruposintese.com\/index.php\/wp-json\/wp\/v2\/pages"}],"about":[{"href":"https:\/\/seguranca.gruposintese.com\/index.php\/wp-json\/wp\/v2\/types\/page"}],"author":[{"embeddable":true,"href":"https:\/\/seguranca.gruposintese.com\/index.php\/wp-json\/wp\/v2\/users\/1"}],"replies":[{"embeddable":true,"href":"https:\/\/seguranca.gruposintese.com\/index.php\/wp-json\/wp\/v2\/comments?post=21"}],"version-history":[{"count":7,"href":"https:\/\/seguranca.gruposintese.com\/index.php\/wp-json\/wp\/v2\/pages\/21\/revisions"}],"predecessor-version":[{"id":197,"href":"https:\/\/seguranca.gruposintese.com\/index.php\/wp-json\/wp\/v2\/pages\/21\/revisions\/197"}],"wp:attachment":[{"href":"https:\/\/seguranca.gruposintese.com\/index.php\/wp-json\/wp\/v2\/media?parent=21"}],"curies":[{"name":"wp","href":"https:\/\/api.w.org\/{rel}","templated":true}]}}