{"id":16,"date":"2023-11-18T07:28:37","date_gmt":"2023-11-18T10:28:37","guid":{"rendered":"https:\/\/seguranca.gruposintese.com\/?page_id=16"},"modified":"2024-01-24T21:02:21","modified_gmt":"2024-01-25T00:02:21","slug":"bem-vindo","status":"publish","type":"page","link":"https:\/\/seguranca.gruposintese.com\/","title":{"rendered":"Seguran\u00e7a em alto n\u00edvel"},"content":{"rendered":"\n<p>Composta por uma ampla rede de profissionais da \u00e1rea da seguran\u00e7a p\u00fablica, oferecemos aos nossos clientes a mais diversa gama de servi\u00e7os, que vai desde uma assessoria de implementa\u00e7\u00e3o de plano de seguran\u00e7a condominial e indica\u00e7\u00e3o de empresas parceiras para presta\u00e7\u00e3o de servi\u00e7os, \u00e0 treinamentos de preven\u00e7\u00e3o de crises envolvendo agressores ativos e contra-espionagem industrial.<\/p>\n\n\n\n<p>Oferecemos, al\u00e9m de consultoria, cursos e treinamentos, ministrados por agentes de seguran\u00e7a altamente capacitados e qualificados, aptos a multiplicar conhecimentos para outros profissionais como para a sociedade em geral. <\/p>\n\n\n\n<p>No Grupo S\u00edntese, a <strong>SEGURAN\u00c7A<\/strong> \u00e9 levada \u00e0 s\u00e9rio<\/p>\n","protected":false},"excerpt":{"rendered":"<p>Composta por uma ampla rede de profissionais da \u00e1rea da seguran\u00e7a p\u00fablica, oferecemos aos nossos clientes a mais diversa gama de servi\u00e7os, que vai desde uma assessoria de implementa\u00e7\u00e3o de plano de seguran\u00e7a condominial e indica\u00e7\u00e3o de empresas parceiras para presta\u00e7\u00e3o de servi\u00e7os, \u00e0 treinamentos de preven\u00e7\u00e3o de crises envolvendo agressores ativos e contra-espionagem industrial. Oferecemos, al\u00e9m de consultoria, cursos e treinamentos, ministrados por agentes de seguran\u00e7a altamente capacitados e qualificados, aptos a multiplicar conhecimentos para outros profissionais como para a sociedade em geral. No Grupo S\u00edntese, a SEGURAN\u00c7A \u00e9 levada \u00e0 s\u00e9rio<\/p>\n","protected":false},"author":1,"featured_media":0,"parent":0,"menu_order":0,"comment_status":"closed","ping_status":"closed","template":"","meta":{"_monsterinsights_skip_tracking":false,"_monsterinsights_sitenote_active":false,"_monsterinsights_sitenote_note":"","_monsterinsights_sitenote_category":0,"footnotes":""},"aioseo_notices":[],"featured_image_src":null,"_links":{"self":[{"href":"https:\/\/seguranca.gruposintese.com\/index.php\/wp-json\/wp\/v2\/pages\/16"}],"collection":[{"href":"https:\/\/seguranca.gruposintese.com\/index.php\/wp-json\/wp\/v2\/pages"}],"about":[{"href":"https:\/\/seguranca.gruposintese.com\/index.php\/wp-json\/wp\/v2\/types\/page"}],"author":[{"embeddable":true,"href":"https:\/\/seguranca.gruposintese.com\/index.php\/wp-json\/wp\/v2\/users\/1"}],"replies":[{"embeddable":true,"href":"https:\/\/seguranca.gruposintese.com\/index.php\/wp-json\/wp\/v2\/comments?post=16"}],"version-history":[{"count":6,"href":"https:\/\/seguranca.gruposintese.com\/index.php\/wp-json\/wp\/v2\/pages\/16\/revisions"}],"predecessor-version":[{"id":145,"href":"https:\/\/seguranca.gruposintese.com\/index.php\/wp-json\/wp\/v2\/pages\/16\/revisions\/145"}],"wp:attachment":[{"href":"https:\/\/seguranca.gruposintese.com\/index.php\/wp-json\/wp\/v2\/media?parent=16"}],"curies":[{"name":"wp","href":"https:\/\/api.w.org\/{rel}","templated":true}]}}